{"id":261,"date":"2023-08-10T19:03:46","date_gmt":"2023-08-10T19:03:46","guid":{"rendered":"https:\/\/kwekerijesmeralda.nl\/?page_id=261"},"modified":"2023-08-11T08:53:21","modified_gmt":"2023-08-11T08:53:21","slug":"over-ons","status":"publish","type":"page","link":"http:\/\/kwekerijesmeralda.nl\/de\/over-ons\/","title":{"rendered":"\u00dcber uns"},"content":{"rendered":"<p>[et_pb_section fb_built=&#8221;1&#8243; _builder_version=&#8221;4.22.0&#8243; _module_preset=&#8221;default&#8221; custom_padding=&#8221;0px||||false|false&#8221; global_colors_info=&#8221;{}&#8221;][et_pb_row _builder_version=&#8221;4.22.0&#8243; _module_preset=&#8221;default&#8221; custom_padding=&#8221;0px||||false|false&#8221; global_colors_info=&#8221;{}&#8221;][et_pb_column type=&#8221;4_4&#8243; _builder_version=&#8221;4.22.0&#8243; _module_preset=&#8221;default&#8221; global_colors_info=&#8221;{}&#8221;][et_pb_text admin_label=&#8221;Subtitel&#8221; _builder_version=&#8221;4.22.0&#8243; _module_preset=&#8221;default&#8221; global_colors_info=&#8221;{}&#8221;]<\/p>\n<h2>Die G\u00e4rtnerei<\/h2>\n<p>[\/et_pb_text][\/et_pb_column][\/et_pb_row][et_pb_row column_structure=&#8221;1_2,1_2&#8243; use_custom_gutter=&#8221;on&#8221; gutter_width=&#8221;2&#8243; _builder_version=&#8221;4.22.0&#8243; _module_preset=&#8221;default&#8221; global_colors_info=&#8221;{}&#8221;][et_pb_column type=&#8221;1_2&#8243; _builder_version=&#8221;4.22.0&#8243; _module_preset=&#8221;default&#8221; global_colors_info=&#8221;{}&#8221;][et_pb_image src=&#8221;https:\/\/kwekerijesmeralda.nl\/wp-content\/uploads\/2023\/08\/ke-breed.jpg&#8221; title_text=&#8221;ke-breed&#8221; admin_label=&#8221;Foto &#8211; team&#8221; _builder_version=&#8221;4.22.0&#8243; _module_preset=&#8221;default&#8221; global_colors_info=&#8221;{}&#8221;][\/et_pb_image][et_pb_image src=&#8221;https:\/\/kwekerijesmeralda.nl\/wp-content\/uploads\/2023\/08\/23684888388_a9a9416dcd_z.jpg&#8221; title_text=&#8221;23684888388_a9a9416dcd_z&#8221; admin_label=&#8221;Foto &#8211; rode germini&#8221; _builder_version=&#8221;4.22.0&#8243; _module_preset=&#8221;default&#8221; global_colors_info=&#8221;{}&#8221;][\/et_pb_image][\/et_pb_column][et_pb_column type=&#8221;1_2&#8243; _builder_version=&#8221;4.22.0&#8243; _module_preset=&#8221;default&#8221; global_colors_info=&#8221;{}&#8221;][et_pb_text admin_label=&#8221;Tekst &#8211; Over ons&#8221; _builder_version=&#8221;4.22.0&#8243; _module_preset=&#8221;default&#8221; global_colors_info=&#8221;{}&#8221;]<\/p>\n<p>Herzlich Willkommen bei Kwekerij Esmeralda! Wer zum ersten Mal in unsere Gew\u00e4chsh\u00e4user kommt, kann sich oft nicht satt sehen. Logisch, denn sagt man Farbe, dann sagt man Gerbera! In unseren Gew\u00e4chsh\u00e4usern sieht es denn auch aus wie ein gro\u00dfes, buntes Blumenmeer. Auch im Haus stehen Gerberas f\u00fcr Fr\u00f6hlichkeit und Farbe. Eine sch\u00f6ne Vase mit Gerbera oder einem gemischten Strau\u00df mit Gerbera darin machen jede Einrichtung ein bisschen sch\u00f6ner. Sogar eine einzelne Gerbera kann ein echter Hingucker sein!<\/p>\n<blockquote>\n<p>Wir sind dann auch sehr froh und stolz, dass wir dieses wundersch\u00f6ne Naturprodukt schon seit 2001 produzieren d\u00fcrfen. Das tun wir in Gew\u00e4chsh\u00e4usern mit einer Fl\u00e4che von fast 5 Hektar. Eine ordentliche Fl\u00e4che. Trotzdem ist Gerbera bei uns kein Massenprodukt.\u00a0<\/p>\n<\/blockquote>\n<p>Jeden Tag, fr\u00fch am Morgen, werden die sch\u00f6nsten Blumen mit der Hand selektiert und gepfl\u00fcckt. Danach werden Sie von unseren fachkundigen Mitarbeiter(innen) sortiert f\u00fcr die verschiedenen Packungen. Zu kleine oder zu kurze Blumen werden aussortiert. Um die Mittagszeit sind unsere Blumen schon auf dem Weg zum Konsumenten in den Niederlanden, Deutschland, Frankreich oder irgend einen anderen Ort in Europa.\u00a0\u00a0<\/p>\n<p>Neugierig geworden? Bringen Sie einfach mal einen Besuch an unsere G\u00e4rtnerei. Vielleicht k\u00f6nnen wir Sie anstecken mit unserer Leidenschaft f\u00fcr Gerbera!<\/p>\n<p>[\/et_pb_text][et_pb_button button_url=&#8221;@ET-DC@eyJkeW5hbWljIjp0cnVlLCJjb250ZW50IjoicG9zdF9saW5rX3VybF9wYWdlIiwic2V0dGluZ3MiOnsicG9zdF9pZCI6IjEzMCJ9fQ==@&#8221; button_text=&#8221;Bekijk onze bloemen&#8221; button_alignment=&#8221;center&#8221; admin_label=&#8221;Button &#8211; Assortiment&#8221; _builder_version=&#8221;4.22.0&#8243; _dynamic_attributes=&#8221;button_url&#8221; _module_preset=&#8221;default&#8221; global_colors_info=&#8221;{}&#8221;][\/et_pb_button][\/et_pb_column][\/et_pb_row][\/et_pb_section][et_pb_section fb_built=&#8221;1&#8243; _builder_version=&#8221;4.22.0&#8243; _module_preset=&#8221;default&#8221; background_color=&#8221;#F2F2F2&#8243; global_colors_info=&#8221;{}&#8221;][et_pb_row column_structure=&#8221;1_2,1_2&#8243; make_equal=&#8221;on&#8221; _builder_version=&#8221;4.22.0&#8243; _module_preset=&#8221;default&#8221; global_colors_info=&#8221;{}&#8221;][et_pb_column type=&#8221;1_2&#8243; _builder_version=&#8221;4.22.0&#8243; _module_preset=&#8221;default&#8221; custom_padding=&#8221;120px||120px||true|false&#8221; global_colors_info=&#8221;{}&#8221;][et_pb_text admin_label=&#8221;Tekst &#8211; Aandacht leefomgeving&#8221; _builder_version=&#8221;4.22.0&#8243; _module_preset=&#8221;default&#8221; header_2_line_height=&#8221;1.5em&#8221; global_colors_info=&#8221;{}&#8221;]<\/p>\n<h2 class=\"sppb-image-content-title sppb-addon-title\">Respekt f\u00fcr die Umwelt<\/h2>\n<p class=\"sppb-image-content-text\">Gerbera ist ein wundersch\u00f6nes Produkt. Aber es ist auch ein Luxus-Artikel. Wir sind uns dessen bewusst und versuchen in unserer Betriebsf\u00fchrung kontinuierlich dar\u00fcber nachzudenken wie wir den Einfluss auf unserer Umwelt minimieren k\u00f6nnen.<\/p>\n<p>[\/et_pb_text][et_pb_button button_url=&#8221;@ET-DC@eyJkeW5hbWljIjp0cnVlLCJjb250ZW50IjoicG9zdF9saW5rX3VybF9wYWdlIiwic2V0dGluZ3MiOnsicG9zdF9pZCI6IjI5NCJ9fQ==@&#8221; button_text=&#8221;Lees meer over onze aanpak&#8221; button_alignment=&#8221;left&#8221; admin_label=&#8221;Knop &#8211; Onze aanpak&#8221; _builder_version=&#8221;4.22.0&#8243; _dynamic_attributes=&#8221;button_url&#8221; _module_preset=&#8221;9b5caa84-d57c-47c5-9d2f-f870efe92e73&#8243; global_colors_info=&#8221;{}&#8221;][\/et_pb_button][\/et_pb_column][et_pb_column type=&#8221;1_2&#8243; _builder_version=&#8221;4.22.0&#8243; _module_preset=&#8221;default&#8221; background_image=&#8221;https:\/\/kwekerijesmeralda.nl\/wp-content\/uploads\/2023\/08\/37506055272_8fec921aef_z.jpg&#8221; custom_padding=&#8221;||||false|false&#8221; global_colors_info=&#8221;{}&#8221;][\/et_pb_column][\/et_pb_row][\/et_pb_section][et_pb_section fb_built=&#8221;1&#8243; _builder_version=&#8221;4.22.0&#8243; _module_preset=&#8221;default&#8221; background_enable_color=&#8221;off&#8221; global_colors_info=&#8221;{}&#8221;][et_pb_row column_structure=&#8221;1_2,1_2&#8243; make_equal=&#8221;on&#8221; _builder_version=&#8221;4.22.0&#8243; _module_preset=&#8221;default&#8221; global_colors_info=&#8221;{}&#8221;][et_pb_column type=&#8221;1_2&#8243; _builder_version=&#8221;4.22.0&#8243; _module_preset=&#8221;default&#8221; background_image=&#8221;https:\/\/kwekerijesmeralda.nl\/wp-content\/uploads\/2023\/08\/certificering-kwekerij.jpg&#8221; custom_padding=&#8221;120px||120px||true|false&#8221; global_colors_info=&#8221;{}&#8221;][\/et_pb_column][et_pb_column type=&#8221;1_2&#8243; _builder_version=&#8221;4.22.0&#8243; _module_preset=&#8221;default&#8221; background_enable_image=&#8221;off&#8221; custom_padding=&#8221;120px||120px||true|false&#8221; global_colors_info=&#8221;{}&#8221;][et_pb_text admin_label=&#8221;Tekst &#8211; Certificering&#8221; _builder_version=&#8221;4.22.0&#8243; _module_preset=&#8221;default&#8221; header_2_line_height=&#8221;1.5em&#8221; global_colors_info=&#8221;{}&#8221;]<\/p>\n<h2 class=\"sppb-image-content-title sppb-addon-title\">Zertifizierung<\/h2>\n<div class=\"page-header\">\n<p>Kwekerij Esmeralda ist Teilnehmer am Milieu Programma Sierteelt (MPS, Umwelt Programm Zierpflanzenzucht) und hat schon seit vielen Jahren den MPS-A+ Status.\u00a0<\/p>\n<\/div>\n<div>\n<p>MPS bietet ein Gesamtpaket um Qualit\u00e4t und Nachhaltigkeit transparent zu machen, zu messen und nachzuweisen.\u00a0<a href=\"http:\/\/www.my-mps.com\/\" target=\"_blank\" rel=\"noopener noreferrer\">my-mps.com<\/a>\u00a0(nieuw venster).<\/p>\n<\/div>\n<p>[\/et_pb_text][et_pb_button button_url=&#8221;@ET-DC@eyJkeW5hbWljIjp0cnVlLCJjb250ZW50IjoicG9zdF9saW5rX3VybF9wYWdlIiwic2V0dGluZ3MiOnsicG9zdF9pZCI6IjI5NCJ9fQ==@&#8221; button_text=&#8221;Lees meer over onze certificering&#8221; button_alignment=&#8221;left&#8221; admin_label=&#8221;Knop &#8211; Onze certificering&#8221; _builder_version=&#8221;4.22.0&#8243; _dynamic_attributes=&#8221;button_url&#8221; _module_preset=&#8221;9b5caa84-d57c-47c5-9d2f-f870efe92e73&#8243; global_colors_info=&#8221;{}&#8221;][\/et_pb_button][\/et_pb_column][\/et_pb_row][\/et_pb_section][et_pb_section fb_built=&#8221;1&#8243; _builder_version=&#8221;4.22.0&#8243; _module_preset=&#8221;default&#8221; background_color=&#8221;#871350&#8243; custom_padding=&#8221;2%||2%||true|false&#8221; global_colors_info=&#8221;{}&#8221;][et_pb_row column_structure=&#8221;3_5,2_5&#8243; _builder_version=&#8221;4.22.0&#8243; _module_preset=&#8221;default&#8221; global_colors_info=&#8221;{}&#8221;][et_pb_column type=&#8221;3_5&#8243; _builder_version=&#8221;4.22.0&#8243; _module_preset=&#8221;default&#8221; global_colors_info=&#8221;{}&#8221;][et_pb_text admin_label=&#8221;Tekst &#8211; Directe verkoop&#8221; _builder_version=&#8221;4.22.0&#8243; _module_preset=&#8221;default&#8221; text_text_color=&#8221;#FFFFFF&#8221; text_font_size=&#8221;24px&#8221; text_orientation=&#8221;right&#8221; custom_margin=&#8221;12px||||false|false&#8221; global_colors_info=&#8221;{}&#8221;]<\/p>\n<p>In unserer Webshop k\u00f6nnen Sie t\u00e4glich unsere Gerberas und Germinis bestellen. Nehmen Sie Kontakt auf mit Marcel van Vliet: +31-620535895.<\/p>\n<p>[\/et_pb_text][\/et_pb_column][et_pb_column type=&#8221;2_5&#8243; _builder_version=&#8221;4.22.0&#8243; _module_preset=&#8221;default&#8221; global_colors_info=&#8221;{}&#8221;][et_pb_button button_url=&#8221;@ET-DC@eyJkeW5hbWljIjp0cnVlLCJjb250ZW50IjoicG9zdF9saW5rX3VybF9wYWdlIiwic2V0dGluZ3MiOnsicG9zdF9pZCI6IjM5MyJ9fQ==@&#8221; button_text=&#8221;Bestelling plaatsen&#8221; button_alignment=&#8221;left&#8221; admin_label=&#8221;Knop &#8211; Bestellen&#8221; _builder_version=&#8221;4.22.0&#8243; _dynamic_attributes=&#8221;button_url&#8221; _module_preset=&#8221;9b5caa84-d57c-47c5-9d2f-f870efe92e73&#8243; button_bg_color=&#8221;#FFFFFF&#8221; hover_enabled=&#8221;0&#8243; global_colors_info=&#8221;{}&#8221; button_bg_color__hover=&#8221;#F2F2F2&#8243; button_bg_enable_color__hover=&#8221;on&#8221; button_text_color__hover_enabled=&#8221;on|hover&#8221; button_text_color__hover=&#8221;#871350&#8243; button_bg_color__hover_enabled=&#8221;on|desktop&#8221; sticky_enabled=&#8221;0&#8243;][\/et_pb_button][\/et_pb_column][\/et_pb_row][\/et_pb_section]<\/p>","protected":false},"excerpt":{"rendered":"<p>De kwekerijWelkom bij kwekerij Esmeralda! Wie voor het eerst bij ons\u00a0in de kwekerij komt kijkt meestal zijn ogen uit. Logisch, want zeg je kleur, dan zeg je gerbera!\u00a0In onze kassen\u00a0is het dan ook \u00e9\u00e9n grote, kleurrijke bloemenzee. Ook in huis staan gerbera&#8217;s voor vrolijkheid en kleur. Een prachtige vaas met gerbera&#8217;s of een gemengd boeket [&hellip;]<\/p>","protected":false},"author":1,"featured_media":0,"parent":0,"menu_order":0,"comment_status":"closed","ping_status":"closed","template":"","meta":{"_et_pb_use_builder":"on","_et_pb_old_content":"","_et_gb_content_width":"","footnotes":""},"class_list":["post-261","page","type-page","status-publish","hentry"],"_links":{"self":[{"href":"http:\/\/kwekerijesmeralda.nl\/de\/wp-json\/wp\/v2\/pages\/261","targetHints":{"allow":["GET"]}}],"collection":[{"href":"http:\/\/kwekerijesmeralda.nl\/de\/wp-json\/wp\/v2\/pages"}],"about":[{"href":"http:\/\/kwekerijesmeralda.nl\/de\/wp-json\/wp\/v2\/types\/page"}],"author":[{"embeddable":true,"href":"http:\/\/kwekerijesmeralda.nl\/de\/wp-json\/wp\/v2\/users\/1"}],"replies":[{"embeddable":true,"href":"http:\/\/kwekerijesmeralda.nl\/de\/wp-json\/wp\/v2\/comments?post=261"}],"version-history":[{"count":0,"href":"http:\/\/kwekerijesmeralda.nl\/de\/wp-json\/wp\/v2\/pages\/261\/revisions"}],"wp:attachment":[{"href":"http:\/\/kwekerijesmeralda.nl\/de\/wp-json\/wp\/v2\/media?parent=261"}],"curies":[{"name":"wp","href":"https:\/\/api.w.org\/{rel}","templated":true}]}}