{"id":294,"date":"2023-08-10T19:53:02","date_gmt":"2023-08-10T19:53:02","guid":{"rendered":"https:\/\/kwekerijesmeralda.nl\/?page_id=294"},"modified":"2023-08-10T20:30:15","modified_gmt":"2023-08-10T20:30:15","slug":"duurzaamheid-certificering","status":"publish","type":"page","link":"http:\/\/kwekerijesmeralda.nl\/de\/over-ons\/duurzaamheid-certificering\/","title":{"rendered":"Nachhaltigkeit &amp; Zertifizierung"},"content":{"rendered":"<p>[et_pb_section fb_built=&#8221;1&#8243; _builder_version=&#8221;4.22.0&#8243; _module_preset=&#8221;default&#8221; background_color=&#8221;#F2F2F2&#8243; custom_padding=&#8221;||||false|false&#8221; global_colors_info=&#8221;{}&#8221;][et_pb_row _builder_version=&#8221;4.22.0&#8243; _module_preset=&#8221;default&#8221; custom_padding=&#8221;0px||||false|false&#8221; global_colors_info=&#8221;{}&#8221;][et_pb_column type=&#8221;4_4&#8243; _builder_version=&#8221;4.22.0&#8243; _module_preset=&#8221;default&#8221; global_colors_info=&#8221;{}&#8221;][et_pb_text admin_label=&#8221;Subtitel&#8221; _builder_version=&#8221;4.22.0&#8243; _module_preset=&#8221;default&#8221; global_colors_info=&#8221;{}&#8221;]<\/p>\n<h2>Nachhaltigkeit<\/h2>\n<p>[\/et_pb_text][\/et_pb_column][\/et_pb_row][et_pb_row column_structure=&#8221;1_2,1_2&#8243; use_custom_gutter=&#8221;on&#8221; gutter_width=&#8221;2&#8243; _builder_version=&#8221;4.22.0&#8243; _module_preset=&#8221;default&#8221; global_colors_info=&#8221;{}&#8221;][et_pb_column type=&#8221;1_2&#8243; _builder_version=&#8221;4.22.0&#8243; _module_preset=&#8221;default&#8221; global_colors_info=&#8221;{}&#8221;][et_pb_image src=&#8221;https:\/\/kwekerijesmeralda.nl\/wp-content\/uploads\/2023\/08\/37506054942_fa0fdf26df_o-scaled.jpg&#8221; title_text=&#8221;37506054942_fa0fdf26df_o&#8221; admin_label=&#8221;Foto &#8211; oranje germini&#8221; _builder_version=&#8221;4.22.0&#8243; _module_preset=&#8221;default&#8221; global_colors_info=&#8221;{}&#8221;][\/et_pb_image][et_pb_image src=&#8221;https:\/\/kwekerijesmeralda.nl\/wp-content\/uploads\/2023\/08\/plukken-breed.jpg&#8221; title_text=&#8221;plukken-breed&#8221; admin_label=&#8221;Foto &#8211; plukken&#8221; _builder_version=&#8221;4.22.0&#8243; _module_preset=&#8221;default&#8221; global_colors_info=&#8221;{}&#8221;][\/et_pb_image][et_pb_image src=&#8221;https:\/\/kwekerijesmeralda.nl\/wp-content\/uploads\/2023\/08\/img_4072-scaled.jpg&#8221; title_text=&#8221;img_4072&#8243; admin_label=&#8221;Foto &#8211; kassen&#8221; _builder_version=&#8221;4.22.0&#8243; _module_preset=&#8221;default&#8221; global_colors_info=&#8221;{}&#8221;][\/et_pb_image][\/et_pb_column][et_pb_column type=&#8221;1_2&#8243; _builder_version=&#8221;4.22.0&#8243; _module_preset=&#8221;default&#8221; global_colors_info=&#8221;{}&#8221;][et_pb_text admin_label=&#8221;Tekst &#8211; Over ons&#8221; _builder_version=&#8221;4.22.0&#8243; _module_preset=&#8221;default&#8221; global_colors_info=&#8221;{}&#8221;]<\/p>\n<h3>Respekt f\u00fcr die Umwelt<\/h3>\n<p>Gerbera ist ein wundersch\u00f6nes Produkt. Aber es ist auch ein Luxus-Artikel. Wir sind uns dessen bewusst und versuchen in unserer Betriebsf\u00fchrung kontinuierlich dar\u00fcber nachzudenken wie wir den Einfluss auf unserer Umwelt minimieren k\u00f6nnen.<\/p>\n<h3>Biologische Sch\u00e4dlingsbek\u00e4mpfung<\/h3>\n<p>Wer Blumen oder Pflanzen anbaut, kommt nicht ohne Sch\u00e4dlingsbek\u00e4mpfung aus. Wir versuchen sch\u00e4dliche Insekte so viel wie m\u00f6glich biologisch zu bek\u00e4mpfen. Dazu verteilen wir fast w\u00f6chentlich n\u00fctzliche Insekten in unseren Gew\u00e4chsh\u00e4usern. Wir benutzen unter anderem nat\u00fcrliche Feinde gegen Minierfliege, wei\u00dfe Fliege, Spinnmilben, Thrips und Raupen. Auf diese Weise bleibt die Population der Sch\u00e4dlinge viel besser auf einem niedrigen Niveau. Au\u00dferdem ist diese Art der Bek\u00e4mpfung viel zukunftssicherer! Gegen nat\u00fcrliche Feinde tritt keine Resistenz auf und nat\u00fcrlich ist diese Bek\u00e4mpfung besser f\u00fcr Mensch, Tier und Umwelt. Wenn wir trotzdem mit Chemie eingreifen, benutzen wir dazu Mittel die schonend sind f\u00fcr die biologischen Feinde. Die m\u00f6chten wir n\u00e4mlich gerne am Leben behalten!<\/p>\n<h3>Energie<\/h3>\n<p>Der Anbau unserer Gerbera kostet Energie. Vor allem in den Wintermonaten brauchen die Pflanzen W\u00e4rme und Licht. Die Elektrizit\u00e4t f\u00fcr unsere Beleuchtung produzieren wir selbst durch W\u00e4rme-Kraft-Kopplung. Wenn wir die W\u00e4rme, die dabei produziert wird, am Tag nicht brauchen, wir er gespeichert in unserem W\u00e4rmespeicher und benutzen wir ihn nachts. Bei der Stromerzeugung wird auch CO2 produziert. Dieser CO2 wird ges\u00e4ubert und ebenfalls im Gew\u00e4chshaus benutzt. Die Pflanzen benutzen den CO2 f\u00fcr die Fotosynthese und machen daraus Zucker und Sauerstoff.<\/p>\n<h3>Wiederverwendung von Wasser und D\u00fcngemittel<\/h3>\n<p>Jeden Tag bekommen unsere Gerberapflanzen mehrmals Wasser und D\u00fcngemittel. Manchmal sogar \u00fcber 10 mal am Tag. Die Pflanze benutzt davon nur einen Teil. Ungef\u00e4hr die H\u00e4lfte des Wasser str\u00f6mt \u00fcber spezielle Gossen zur\u00fcck zu unserem Wasserraum und wird hier durch UV-Strahlung desinfiziert. Dann werden neue D\u00fcngemittel zugef\u00fcgt. Am n\u00e4chsten Tag wird dieses Wasser wieder verwendet und f\u00e4ngt der Prozess wieder von vorne an. Auf diese Weise wird 100% unseres Wassers wiederverwendet und wird die Umwelt nicht durch D\u00fcngemittel belastet.<\/p>\n<h3>Abfall<\/h3>\n<p>In unserem Betrieb trennen wir die Abf\u00e4lle: Gr\u00fcnabfall, Papier und Pappe, Kunststoffe und Restm\u00fcll.<\/p>\n<p>[\/et_pb_text][\/et_pb_column][\/et_pb_row][\/et_pb_section][et_pb_section fb_built=&#8221;1&#8243; _builder_version=&#8221;4.22.0&#8243; _module_preset=&#8221;default&#8221; global_colors_info=&#8221;{}&#8221;][et_pb_row column_structure=&#8221;1_2,1_2&#8243; use_custom_gutter=&#8221;on&#8221; gutter_width=&#8221;1&#8243; make_equal=&#8221;on&#8221; _builder_version=&#8221;4.22.0&#8243; _module_preset=&#8221;default&#8221; custom_margin=&#8221;25px||25px||true|false&#8221; global_colors_info=&#8221;{}&#8221;][et_pb_column type=&#8221;1_2&#8243; _builder_version=&#8221;4.22.0&#8243; _module_preset=&#8221;default&#8221; use_background_color_gradient=&#8221;on&#8221; background_color_gradient_stops=&#8221;rgba(159,38,84,0.95) 0%|rgba(108,12,55,0.95) 100%&#8221; z_index=&#8221;5&#8243; custom_padding=&#8221;40px|40px|40px|40px|true|true&#8221; custom_css_main_element=&#8221;margin: 25px -50px !important;||  margin-left: 30px !important;&#8221; global_colors_info=&#8221;{}&#8221;][et_pb_text _builder_version=&#8221;4.22.0&#8243; _module_preset=&#8221;default&#8221; text_text_color=&#8221;#FFFFFF&#8221; header_3_text_color=&#8221;#FFFFFF&#8221; header_3_font_size=&#8221;30px&#8221; global_colors_info=&#8221;{}&#8221;]<\/p>\n<h3 class=\"sppb-image-layout-title\">Certificering Kwekerij Esmeralda<\/h3>\n<p>Kwekerij Esmeralda ist Teilnehmer am Milieu Programma Sierteelt (MPS, Umwelt Programm Zierpflanzenzucht) und hat schon seit vielen Jahren den MPS-A+ Status.<\/p>\n<p>MPS-Groep bietet ein Gesamtpaket, um Qualit\u00e4t und Nachhaltigkeit transparent zu machen, zu messen und nachzuweisen.<\/p>\n<p>[\/et_pb_text][et_pb_button button_url=&#8221;https:\/\/www.my-mps.com\/&#8221; url_new_window=&#8221;on&#8221; button_text=&#8221;Bezoek de website van MPS&#8221; button_alignment=&#8221;center&#8221; _builder_version=&#8221;4.22.0&#8243; _module_preset=&#8221;9b5caa84-d57c-47c5-9d2f-f870efe92e73&#8243; button_text_size=&#8221;16px&#8221; button_bg_color=&#8221;#FFFFFF&#8221; custom_margin=&#8221;25px||||false|false&#8221; global_colors_info=&#8221;{}&#8221; button_bg_color__hover=&#8221;#F2F2F2&#8243; button_bg_enable_color__hover=&#8221;on&#8221; button_text_color__hover_enabled=&#8221;on|hover&#8221; button_text_color__hover=&#8221;#871350&#8243;][\/et_pb_button][\/et_pb_column][et_pb_column type=&#8221;1_2&#8243; _builder_version=&#8221;4.22.0&#8243; _module_preset=&#8221;default&#8221; background_image=&#8221;https:\/\/kwekerijesmeralda.nl\/wp-content\/uploads\/2023\/08\/certificering-plukken-bloemen.jpg&#8221; custom_padding=&#8221;225px||225px||true|false&#8221; global_colors_info=&#8221;{}&#8221;][\/et_pb_column][\/et_pb_row][\/et_pb_section]<\/p>","protected":false},"excerpt":{"rendered":"<p>Duurzaamheid &amp; certificeringAandacht voor onze leefomgeving Gerbera is een prachtig product. Maar het is ook een luxe-artikel. We zijn ons hiervan bewust en proberen bij onze bedrijfsvoering\u00a0steeds na te denken over hoe we de invloed op onze leefomgeving kunnen beperken. Biologische bestrijding van ziekten en plagen Wie bloemen of planten teelt ontkomt niet aan gewasbescherming.\u00a0Wij [&hellip;]<\/p>","protected":false},"author":1,"featured_media":0,"parent":261,"menu_order":0,"comment_status":"closed","ping_status":"closed","template":"","meta":{"_et_pb_use_builder":"on","_et_pb_old_content":"","_et_gb_content_width":"","footnotes":""},"class_list":["post-294","page","type-page","status-publish","hentry"],"_links":{"self":[{"href":"http:\/\/kwekerijesmeralda.nl\/de\/wp-json\/wp\/v2\/pages\/294","targetHints":{"allow":["GET"]}}],"collection":[{"href":"http:\/\/kwekerijesmeralda.nl\/de\/wp-json\/wp\/v2\/pages"}],"about":[{"href":"http:\/\/kwekerijesmeralda.nl\/de\/wp-json\/wp\/v2\/types\/page"}],"author":[{"embeddable":true,"href":"http:\/\/kwekerijesmeralda.nl\/de\/wp-json\/wp\/v2\/users\/1"}],"replies":[{"embeddable":true,"href":"http:\/\/kwekerijesmeralda.nl\/de\/wp-json\/wp\/v2\/comments?post=294"}],"version-history":[{"count":0,"href":"http:\/\/kwekerijesmeralda.nl\/de\/wp-json\/wp\/v2\/pages\/294\/revisions"}],"up":[{"embeddable":true,"href":"http:\/\/kwekerijesmeralda.nl\/de\/wp-json\/wp\/v2\/pages\/261"}],"wp:attachment":[{"href":"http:\/\/kwekerijesmeralda.nl\/de\/wp-json\/wp\/v2\/media?parent=294"}],"curies":[{"name":"wp","href":"https:\/\/api.w.org\/{rel}","templated":true}]}}