{"id":261,"date":"2023-08-10T19:03:46","date_gmt":"2023-08-10T19:03:46","guid":{"rendered":"https:\/\/kwekerijesmeralda.nl\/?page_id=261"},"modified":"2023-08-11T08:53:21","modified_gmt":"2023-08-11T08:53:21","slug":"over-ons","status":"publish","type":"page","link":"http:\/\/kwekerijesmeralda.nl\/fr\/over-ons\/","title":{"rendered":"\u00c0 propos de notre entreprise"},"content":{"rendered":"<p>[et_pb_section fb_built=&#8221;1&#8243; _builder_version=&#8221;4.22.0&#8243; _module_preset=&#8221;default&#8221; custom_padding=&#8221;0px||||false|false&#8221; global_colors_info=&#8221;{}&#8221;][et_pb_row _builder_version=&#8221;4.22.0&#8243; _module_preset=&#8221;default&#8221; custom_padding=&#8221;0px||||false|false&#8221; global_colors_info=&#8221;{}&#8221;][et_pb_column type=&#8221;4_4&#8243; _builder_version=&#8221;4.22.0&#8243; _module_preset=&#8221;default&#8221; global_colors_info=&#8221;{}&#8221;][et_pb_text admin_label=&#8221;Subtitel&#8221; _builder_version=&#8221;4.22.0&#8243; _module_preset=&#8221;default&#8221; global_colors_info=&#8221;{}&#8221;]<\/p>\n<h2>La p\u00e9pini\u00e8re<\/h2>\n<p>[\/et_pb_text][\/et_pb_column][\/et_pb_row][et_pb_row column_structure=&#8221;1_2,1_2&#8243; use_custom_gutter=&#8221;on&#8221; gutter_width=&#8221;2&#8243; _builder_version=&#8221;4.22.0&#8243; _module_preset=&#8221;default&#8221; global_colors_info=&#8221;{}&#8221;][et_pb_column type=&#8221;1_2&#8243; _builder_version=&#8221;4.22.0&#8243; _module_preset=&#8221;default&#8221; global_colors_info=&#8221;{}&#8221;][et_pb_image src=&#8221;https:\/\/kwekerijesmeralda.nl\/wp-content\/uploads\/2023\/08\/ke-breed.jpg&#8221; title_text=&#8221;ke-breed&#8221; admin_label=&#8221;Foto &#8211; team&#8221; _builder_version=&#8221;4.22.0&#8243; _module_preset=&#8221;default&#8221; global_colors_info=&#8221;{}&#8221;][\/et_pb_image][et_pb_image src=&#8221;https:\/\/kwekerijesmeralda.nl\/wp-content\/uploads\/2023\/08\/23684888388_a9a9416dcd_z.jpg&#8221; title_text=&#8221;23684888388_a9a9416dcd_z&#8221; admin_label=&#8221;Foto &#8211; rode germini&#8221; _builder_version=&#8221;4.22.0&#8243; _module_preset=&#8221;default&#8221; global_colors_info=&#8221;{}&#8221;][\/et_pb_image][\/et_pb_column][et_pb_column type=&#8221;1_2&#8243; _builder_version=&#8221;4.22.0&#8243; _module_preset=&#8221;default&#8221; global_colors_info=&#8221;{}&#8221;][et_pb_text admin_label=&#8221;Tekst &#8211; Over ons&#8221; _builder_version=&#8221;4.22.0&#8243; _module_preset=&#8221;default&#8221; global_colors_info=&#8221;{}&#8221;]<\/p>\n<p>Bienvenue \u00e0 la p\u00e9pini\u00e8re Esmeralda ! Ceux qui visitent notre p\u00e9pini\u00e8re pour la premi\u00e8re fois en prennent plein les yeux.  Ce n'est pas \u00e9tonnant, car qui dit couleurs, dit Gerbera ! En effet, l'int\u00e9rieur de nos serres fait penser \u00e0 un vaste oc\u00e9an rempli de fleurs multicolores. Dans les maisons aussi, les gerberas sont synonymes de gaiet\u00e9 et de couleur. Un joli vase rempli de gerberas ou un bouquet m\u00e9langeant gerberas et autres fleurs illuminera n'importe quel int\u00e9rieur. La fleur du gerbera, m\u00eame une seule, peut d\u00e9j\u00e0 attirer tous les regards !<\/p>\n<blockquote>\n<p>Nous sommes donc heureux et fiers de pouvoir cultiver ce magnifique produit issu de la nature depuis 2001. Notre production se d\u00e9roule dans des serres dont la superficie s'\u00e9tend sur pr\u00e8s de 5 hectares. Une surface consid\u00e9rable. Et pourtant, chez nous, le Gerbera n'est pas trait\u00e9 comme un produit de masse.\u00a0<\/p>\n<\/blockquote>\n<p>Chaque jour, t\u00f4t le matin, les plus belles fleurs sont s\u00e9lectionn\u00e9es et cueillies \u00e0 la main. Elles sont ensuite soigneusement tri\u00e9es par nos employ\u00e9s qualifi\u00e9s en fonction des diff\u00e9rents emballages auxquelles elles sont destin\u00e9es. Les fleurs trop petites ou trop courtes sont \u00e9limin\u00e9es. Vers midi, nos fleurs sont d\u00e9j\u00e0 en route vers les consommateurs aux Pays-Bas, en Allemagne, en France ou ailleurs en Europe.\u00a0\u00a0<\/p>\n<p>H\u00e2te de d\u00e9couvrir ? N'h\u00e9sitez pas \u00e0 visiter notre p\u00e9pini\u00e8re. Qui sait, peut-\u00eatre que nous arriverons \u00e0 vous transmettre notre passion pour le gerbera !<\/p>\n<p>[\/et_pb_text][et_pb_button button_url=&#8221;@ET-DC@eyJkeW5hbWljIjp0cnVlLCJjb250ZW50IjoicG9zdF9saW5rX3VybF9wYWdlIiwic2V0dGluZ3MiOnsicG9zdF9pZCI6IjEzMCJ9fQ==@&#8221; button_text=&#8221;Bekijk onze bloemen&#8221; button_alignment=&#8221;center&#8221; admin_label=&#8221;Button &#8211; Assortiment&#8221; _builder_version=&#8221;4.22.0&#8243; _dynamic_attributes=&#8221;button_url&#8221; _module_preset=&#8221;default&#8221; global_colors_info=&#8221;{}&#8221;][\/et_pb_button][\/et_pb_column][\/et_pb_row][\/et_pb_section][et_pb_section fb_built=&#8221;1&#8243; _builder_version=&#8221;4.22.0&#8243; _module_preset=&#8221;default&#8221; background_color=&#8221;#F2F2F2&#8243; global_colors_info=&#8221;{}&#8221;][et_pb_row column_structure=&#8221;1_2,1_2&#8243; make_equal=&#8221;on&#8221; _builder_version=&#8221;4.22.0&#8243; _module_preset=&#8221;default&#8221; global_colors_info=&#8221;{}&#8221;][et_pb_column type=&#8221;1_2&#8243; _builder_version=&#8221;4.22.0&#8243; _module_preset=&#8221;default&#8221; custom_padding=&#8221;120px||120px||true|false&#8221; global_colors_info=&#8221;{}&#8221;][et_pb_text admin_label=&#8221;Tekst &#8211; Aandacht leefomgeving&#8221; _builder_version=&#8221;4.22.0&#8243; _module_preset=&#8221;default&#8221; header_2_line_height=&#8221;1.5em&#8221; global_colors_info=&#8221;{}&#8221;]<\/p>\n<h2 class=\"sppb-image-content-title sppb-addon-title\">Pr\u00e9server notre environnement<\/h2>\n<p class=\"sppb-image-content-text\">Le Gerbera est un produit magnifique. Mais c'est aussi un objet de luxe. Nous en sommes pleinement conscients. Aussi, nous nous engageons \u00e0 toujours r\u00e9fl\u00e9chir \u00e0 la mani\u00e8re dont nous pouvons limiter l'impact de nos activit\u00e9s sur l'environnement.<\/p>\n<p>[\/et_pb_text][et_pb_button button_url=&#8221;@ET-DC@eyJkeW5hbWljIjp0cnVlLCJjb250ZW50IjoicG9zdF9saW5rX3VybF9wYWdlIiwic2V0dGluZ3MiOnsicG9zdF9pZCI6IjI5NCJ9fQ==@&#8221; button_text=&#8221;Lees meer over onze aanpak&#8221; button_alignment=&#8221;left&#8221; admin_label=&#8221;Knop &#8211; Onze aanpak&#8221; _builder_version=&#8221;4.22.0&#8243; _dynamic_attributes=&#8221;button_url&#8221; _module_preset=&#8221;9b5caa84-d57c-47c5-9d2f-f870efe92e73&#8243; global_colors_info=&#8221;{}&#8221;][\/et_pb_button][\/et_pb_column][et_pb_column type=&#8221;1_2&#8243; _builder_version=&#8221;4.22.0&#8243; _module_preset=&#8221;default&#8221; background_image=&#8221;https:\/\/kwekerijesmeralda.nl\/wp-content\/uploads\/2023\/08\/37506055272_8fec921aef_z.jpg&#8221; custom_padding=&#8221;||||false|false&#8221; global_colors_info=&#8221;{}&#8221;][\/et_pb_column][\/et_pb_row][\/et_pb_section][et_pb_section fb_built=&#8221;1&#8243; _builder_version=&#8221;4.22.0&#8243; _module_preset=&#8221;default&#8221; background_enable_color=&#8221;off&#8221; global_colors_info=&#8221;{}&#8221;][et_pb_row column_structure=&#8221;1_2,1_2&#8243; make_equal=&#8221;on&#8221; _builder_version=&#8221;4.22.0&#8243; _module_preset=&#8221;default&#8221; global_colors_info=&#8221;{}&#8221;][et_pb_column type=&#8221;1_2&#8243; _builder_version=&#8221;4.22.0&#8243; _module_preset=&#8221;default&#8221; background_image=&#8221;https:\/\/kwekerijesmeralda.nl\/wp-content\/uploads\/2023\/08\/certificering-kwekerij.jpg&#8221; custom_padding=&#8221;120px||120px||true|false&#8221; global_colors_info=&#8221;{}&#8221;][\/et_pb_column][et_pb_column type=&#8221;1_2&#8243; _builder_version=&#8221;4.22.0&#8243; _module_preset=&#8221;default&#8221; background_enable_image=&#8221;off&#8221; custom_padding=&#8221;120px||120px||true|false&#8221; global_colors_info=&#8221;{}&#8221;][et_pb_text admin_label=&#8221;Tekst &#8211; Certificering&#8221; _builder_version=&#8221;4.22.0&#8243; _module_preset=&#8221;default&#8221; header_2_line_height=&#8221;1.5em&#8221; global_colors_info=&#8221;{}&#8221;]<\/p>\n<h2 class=\"sppb-image-content-title sppb-addon-title\">Certificat<\/h2>\n<div class=\"page-header\">\n<p>La p\u00e9pini\u00e8re Esmeralda participe au MPS (Milieu Programma Sierteelt ou \u00ab Programme Environnemental en Floriculture \u00bb) et nous sommes certifi\u00e9s MPS-A depuis des ann\u00e9es.\u00a0<\/p>\n<\/div>\n<div>\n<p>Plus d'informations peuvent \u00eatre trouv\u00e9es sur my-mps.com\u00a0<a href=\"http:\/\/www.my-mps.com\/\" target=\"_blank\" rel=\"noopener noreferrer\">my-mps.com<\/a>\u00a0(nieuw venster).<\/p>\n<\/div>\n<p>[\/et_pb_text][et_pb_button button_url=&#8221;@ET-DC@eyJkeW5hbWljIjp0cnVlLCJjb250ZW50IjoicG9zdF9saW5rX3VybF9wYWdlIiwic2V0dGluZ3MiOnsicG9zdF9pZCI6IjI5NCJ9fQ==@&#8221; button_text=&#8221;Lees meer over onze certificering&#8221; button_alignment=&#8221;left&#8221; admin_label=&#8221;Knop &#8211; Onze certificering&#8221; _builder_version=&#8221;4.22.0&#8243; _dynamic_attributes=&#8221;button_url&#8221; _module_preset=&#8221;9b5caa84-d57c-47c5-9d2f-f870efe92e73&#8243; global_colors_info=&#8221;{}&#8221;][\/et_pb_button][\/et_pb_column][\/et_pb_row][\/et_pb_section][et_pb_section fb_built=&#8221;1&#8243; _builder_version=&#8221;4.22.0&#8243; _module_preset=&#8221;default&#8221; background_color=&#8221;#871350&#8243; custom_padding=&#8221;2%||2%||true|false&#8221; global_colors_info=&#8221;{}&#8221;][et_pb_row column_structure=&#8221;3_5,2_5&#8243; _builder_version=&#8221;4.22.0&#8243; _module_preset=&#8221;default&#8221; global_colors_info=&#8221;{}&#8221;][et_pb_column type=&#8221;3_5&#8243; _builder_version=&#8221;4.22.0&#8243; _module_preset=&#8221;default&#8221; global_colors_info=&#8221;{}&#8221;][et_pb_text admin_label=&#8221;Tekst &#8211; Directe verkoop&#8221; _builder_version=&#8221;4.22.0&#8243; _module_preset=&#8221;default&#8221; text_text_color=&#8221;#FFFFFF&#8221; text_font_size=&#8221;24px&#8221; text_orientation=&#8221;right&#8221; custom_margin=&#8221;12px||||false|false&#8221; global_colors_info=&#8221;{}&#8221;]<\/p>\n<p>Pour la vente directe, nous vous invitons \u00e0 prendre contact avec nous<\/p>\n<p>[\/et_pb_text][\/et_pb_column][et_pb_column type=&#8221;2_5&#8243; _builder_version=&#8221;4.22.0&#8243; _module_preset=&#8221;default&#8221; global_colors_info=&#8221;{}&#8221;][et_pb_button button_url=&#8221;@ET-DC@eyJkeW5hbWljIjp0cnVlLCJjb250ZW50IjoicG9zdF9saW5rX3VybF9wYWdlIiwic2V0dGluZ3MiOnsicG9zdF9pZCI6IjM5MyJ9fQ==@&#8221; button_text=&#8221;Bestelling plaatsen&#8221; button_alignment=&#8221;left&#8221; admin_label=&#8221;Knop &#8211; Bestellen&#8221; _builder_version=&#8221;4.22.0&#8243; _dynamic_attributes=&#8221;button_url&#8221; _module_preset=&#8221;9b5caa84-d57c-47c5-9d2f-f870efe92e73&#8243; button_bg_color=&#8221;#FFFFFF&#8221; hover_enabled=&#8221;0&#8243; global_colors_info=&#8221;{}&#8221; button_bg_color__hover=&#8221;#F2F2F2&#8243; button_bg_enable_color__hover=&#8221;on&#8221; button_text_color__hover_enabled=&#8221;on|hover&#8221; button_text_color__hover=&#8221;#871350&#8243; button_bg_color__hover_enabled=&#8221;on|desktop&#8221; sticky_enabled=&#8221;0&#8243;][\/et_pb_button][\/et_pb_column][\/et_pb_row][\/et_pb_section]<\/p>","protected":false},"excerpt":{"rendered":"<p>De kwekerijWelkom bij kwekerij Esmeralda! Wie voor het eerst bij ons\u00a0in de kwekerij komt kijkt meestal zijn ogen uit. Logisch, want zeg je kleur, dan zeg je gerbera!\u00a0In onze kassen\u00a0is het dan ook \u00e9\u00e9n grote, kleurrijke bloemenzee. Ook in huis staan gerbera&#8217;s voor vrolijkheid en kleur. Een prachtige vaas met gerbera&#8217;s of een gemengd boeket [&hellip;]<\/p>","protected":false},"author":1,"featured_media":0,"parent":0,"menu_order":0,"comment_status":"closed","ping_status":"closed","template":"","meta":{"_et_pb_use_builder":"on","_et_pb_old_content":"","_et_gb_content_width":"","footnotes":""},"class_list":["post-261","page","type-page","status-publish","hentry"],"_links":{"self":[{"href":"http:\/\/kwekerijesmeralda.nl\/fr\/wp-json\/wp\/v2\/pages\/261","targetHints":{"allow":["GET"]}}],"collection":[{"href":"http:\/\/kwekerijesmeralda.nl\/fr\/wp-json\/wp\/v2\/pages"}],"about":[{"href":"http:\/\/kwekerijesmeralda.nl\/fr\/wp-json\/wp\/v2\/types\/page"}],"author":[{"embeddable":true,"href":"http:\/\/kwekerijesmeralda.nl\/fr\/wp-json\/wp\/v2\/users\/1"}],"replies":[{"embeddable":true,"href":"http:\/\/kwekerijesmeralda.nl\/fr\/wp-json\/wp\/v2\/comments?post=261"}],"version-history":[{"count":0,"href":"http:\/\/kwekerijesmeralda.nl\/fr\/wp-json\/wp\/v2\/pages\/261\/revisions"}],"wp:attachment":[{"href":"http:\/\/kwekerijesmeralda.nl\/fr\/wp-json\/wp\/v2\/media?parent=261"}],"curies":[{"name":"wp","href":"https:\/\/api.w.org\/{rel}","templated":true}]}}