{"id":369,"date":"2023-08-10T20:52:31","date_gmt":"2023-08-10T20:52:31","guid":{"rendered":"https:\/\/kwekerijesmeralda.nl\/?page_id=369"},"modified":"2023-08-10T20:58:02","modified_gmt":"2023-08-10T20:58:02","slug":"verzorgingstips","status":"publish","type":"page","link":"https:\/\/kwekerijesmeralda.nl\/de\/over-ons\/verzorgingstips\/","title":{"rendered":"Pflegetipps"},"content":{"rendered":"<p>[et_pb_section fb_built=&#8221;1&#8243; _builder_version=&#8221;4.22.0&#8243; _module_preset=&#8221;default&#8221; background_color=&#8221;#FFFFFF&#8221; custom_padding=&#8221;0px||||false|false&#8221; global_colors_info=&#8221;{}&#8221;][et_pb_row _builder_version=&#8221;4.22.0&#8243; _module_preset=&#8221;default&#8221; custom_padding=&#8221;0px||||false|false&#8221; global_colors_info=&#8221;{}&#8221;][et_pb_column type=&#8221;4_4&#8243; _builder_version=&#8221;4.22.0&#8243; _module_preset=&#8221;default&#8221; global_colors_info=&#8221;{}&#8221;][et_pb_text admin_label=&#8221;Subtitel&#8221; _builder_version=&#8221;4.22.0&#8243; _module_preset=&#8221;default&#8221; global_colors_info=&#8221;{}&#8221;]<\/p>\n<h2>Pflegetipps und Kundeninfos<\/h2>\n<p>[\/et_pb_text][\/et_pb_column][\/et_pb_row][et_pb_row column_structure=&#8221;1_2,1_2&#8243; _builder_version=&#8221;4.22.0&#8243; _module_preset=&#8221;default&#8221; global_colors_info=&#8221;{}&#8221;][et_pb_column type=&#8221;1_2&#8243; _builder_version=&#8221;4.22.0&#8243; _module_preset=&#8221;default&#8221; global_colors_info=&#8221;{}&#8221;][et_pb_slider _builder_version=&#8221;4.22.0&#8243; _module_preset=&#8221;default&#8221; height=&#8221;500px&#8221; hover_enabled=&#8221;0&#8243; global_colors_info=&#8221;{}&#8221; sticky_enabled=&#8221;0&#8243; auto=&#8221;on&#8221; auto_speed=&#8221;3000&#8243; auto_ignore_hover=&#8221;on&#8221;][et_pb_slide _builder_version=&#8221;4.22.0&#8243; _module_preset=&#8221;default&#8221; background_enable_color=&#8221;off&#8221; background_image=&#8221;https:\/\/kwekerijesmeralda.nl\/wp-content\/uploads\/2023\/08\/36827406284_f086d2c492_o-scaled.jpg&#8221; background_enable_image=&#8221;on&#8221; global_colors_info=&#8221;{}&#8221; sticky_transition=&#8221;on&#8221;][\/et_pb_slide][et_pb_slide _builder_version=&#8221;4.22.0&#8243; _module_preset=&#8221;default&#8221; background_enable_color=&#8221;off&#8221; background_image=&#8221;https:\/\/kwekerijesmeralda.nl\/wp-content\/uploads\/2023\/08\/37506054772_e6a0c9daed_vierkant.jpg&#8221; background_enable_image=&#8221;on&#8221; global_colors_info=&#8221;{}&#8221; sticky_transition=&#8221;on&#8221;][\/et_pb_slide][et_pb_slide _builder_version=&#8221;4.22.0&#8243; _module_preset=&#8221;default&#8221; background_enable_color=&#8221;off&#8221; background_image=&#8221;https:\/\/kwekerijesmeralda.nl\/wp-content\/uploads\/2023\/08\/23684886948_34ef45fecb_o-scaled.jpg&#8221; background_enable_image=&#8221;on&#8221; global_colors_info=&#8221;{}&#8221; sticky_transition=&#8221;on&#8221;][\/et_pb_slide][et_pb_slide _builder_version=&#8221;4.22.0&#8243; _module_preset=&#8221;default&#8221; background_enable_color=&#8221;off&#8221; background_image=&#8221;https:\/\/kwekerijesmeralda.nl\/wp-content\/uploads\/2023\/08\/fb_img_1625493137138.jpg&#8221; background_enable_image=&#8221;on&#8221; global_colors_info=&#8221;{}&#8221; sticky_transition=&#8221;on&#8221;][\/et_pb_slide][et_pb_slide _builder_version=&#8221;4.22.0&#8243; _module_preset=&#8221;default&#8221; background_enable_color=&#8221;off&#8221; background_image=&#8221;https:\/\/kwekerijesmeralda.nl\/wp-content\/uploads\/2023\/08\/fb_img_1625493118640-002.jpg&#8221; background_enable_image=&#8221;on&#8221; global_colors_info=&#8221;{}&#8221; sticky_transition=&#8221;on&#8221;][\/et_pb_slide][\/et_pb_slider][\/et_pb_column][et_pb_column type=&#8221;1_2&#8243; _builder_version=&#8221;4.22.0&#8243; _module_preset=&#8221;default&#8221; global_colors_info=&#8221;{}&#8221;][et_pb_text _builder_version=&#8221;4.22.0&#8243; _module_preset=&#8221;default&#8221; global_colors_info=&#8221;{}&#8221;]<\/p>\n<p>Von unseren sch\u00f6nen Gerberas m\u00f6chten Sie nat\u00fcrlich so lange wie m\u00f6glich genie\u00dfen. Hier sind einige Tipps die Ihnen dabei helfen:<\/p>\n<ul>\n<li>Ben\u00fctzen Sie eine saubere Vase; oft sind Bakterien die Hauptursache f\u00fcr das Welken unserer Gerberas. \u00dcbrigens; die Vase wird am saubersten im Geschirrsp\u00fcler!<\/li>\n<li>Schneiden Sie ein paar Centimeter von den Stielen ab bevor Sie die Blumen in die Vase stellen. So k\u00f6nnen die Blumen das Wasser gut aufnehmen;<\/li>\n<li>F\u00fcgen Sie einen kleinen Tropfen Chlor zu am Wasser um das Niveau der Bakterien niedrig zu halten;<\/li>\n<li>Tauschen Sie das Wasser alle 3 bis 4 Tage aus;<\/li>\n<li>Stellen Sie die Vase an eine geeignete Stelle. Nicht in der prallen Sonne, vor allem im Sommer. Stellen Sie Schnittblumen nie neben eine Obstschale. Viel Obst produziert Ethylen, was die Alterung von Schnittblumen beschleunigt.<\/li>\n<\/ul>\n<p>Wir hoffen, dass Sie lange von unseren Gerberas genie\u00dfen werden!<\/p>\n<p>[\/et_pb_text][\/et_pb_column][\/et_pb_row][\/et_pb_section]<\/p>","protected":false},"excerpt":{"rendered":"<p>Verzorgingstips &#8211; Zo lang mogelijk genietenVan zo&#8217;n mooie bos gerbera&#8217;s wil je natuurlijk zo lang mogelijk genieten. Hieronder wat tips om ervoor te zorgen dat gerbera&#8217;s zo lang mogelijk goed blijven. Gebruik een schone vaas; vaak zijn bacteri\u00ebn de belangrijkste oorzaak van bederf. O ja; de vaas wordt het schoonst in de vaatwasser! Snij een [&hellip;]<\/p>","protected":false},"author":1,"featured_media":0,"parent":261,"menu_order":0,"comment_status":"closed","ping_status":"closed","template":"","meta":{"_et_pb_use_builder":"on","_et_pb_old_content":"","_et_gb_content_width":"","footnotes":""},"class_list":["post-369","page","type-page","status-publish","hentry"],"_links":{"self":[{"href":"https:\/\/kwekerijesmeralda.nl\/de\/wp-json\/wp\/v2\/pages\/369","targetHints":{"allow":["GET"]}}],"collection":[{"href":"https:\/\/kwekerijesmeralda.nl\/de\/wp-json\/wp\/v2\/pages"}],"about":[{"href":"https:\/\/kwekerijesmeralda.nl\/de\/wp-json\/wp\/v2\/types\/page"}],"author":[{"embeddable":true,"href":"https:\/\/kwekerijesmeralda.nl\/de\/wp-json\/wp\/v2\/users\/1"}],"replies":[{"embeddable":true,"href":"https:\/\/kwekerijesmeralda.nl\/de\/wp-json\/wp\/v2\/comments?post=369"}],"version-history":[{"count":0,"href":"https:\/\/kwekerijesmeralda.nl\/de\/wp-json\/wp\/v2\/pages\/369\/revisions"}],"up":[{"embeddable":true,"href":"https:\/\/kwekerijesmeralda.nl\/de\/wp-json\/wp\/v2\/pages\/261"}],"wp:attachment":[{"href":"https:\/\/kwekerijesmeralda.nl\/de\/wp-json\/wp\/v2\/media?parent=369"}],"curies":[{"name":"wp","href":"https:\/\/api.w.org\/{rel}","templated":true}]}}